{"id":626,"date":"2018-01-29T18:15:52","date_gmt":"2018-01-29T17:15:52","guid":{"rendered":"http:\/\/colloqueapnee.fr\/?page_id=626"},"modified":"2018-02-11T16:33:53","modified_gmt":"2018-02-11T15:33:53","slug":"claire-swoboda","status":"publish","type":"page","link":"https:\/\/colloqueapnee.fr\/index.php\/intervenants\/claire-swoboda\/","title":{"rendered":"Claire Swoboda"},"content":{"rendered":"<h4>Une rencontre avec soi-m\u00eame \u00e0 chaque apn\u00e9e en mer<\/h4>\n<p><strong>&#8212; Monitrice d\u2019apn\u00e9e &#8212; <\/strong><\/p>\n<div class=\"page\" title=\"Page 1\">\n<div class=\"layoutArea\">\n<div class=\"column\">\n<p>Originaire de Normandie, install\u00e9e en Bretagne depuis 15 ans, c\u2019est pourtant dans les eaux cristallines de l\u2019\u00eele de beaut\u00e9 que Claire, alors plongeuse Trimix, a pris go\u00fbt \u00e0 l\u2019apn\u00e9e en 2014. Elle poss\u00e8de une double casquette : \u00e0 la fois, g\u00e9rante d\u2019une soci\u00e9t\u00e9 de conseil en marketing strat\u00e9gique \u2013 communication et monitrice d\u2019apn\u00e9e pour son plus grand plaisir.<\/p>\n<p style=\"text-align: left;\">Elle s\u2019appuie sur l\u2019apn\u00e9e pour se ressourcer et pr\u00e9f\u00e8re sans h\u00e9sitation la pratique en mer. Un milieu qu\u2019elle a apprivois\u00e9 avec son p\u00e8re d\u00e8s le plus jeune \u00e2ge, c\u2019est d\u2019ailleurs lui qui lui a transmis son amour pour les fonds marins. Il est d\u00e9c\u00e9d\u00e9 de l\u2019amiante avec des probl\u00e8mes de respiration. Claire est particuli\u00e8rement sensible au travail du souffle dans l\u2019apn\u00e9e. Elle y trouve aussi une sensation de libert\u00e9 unique, une rencontre avec soi-m\u00eame \u00e0 chaque apn\u00e9e en mer. Evidemment, il y a eu aussi l\u2019ic\u00f4ne Jacques Mayol qui a rajout\u00e9 un petit grain de sel \u00e0 sa passion marine.<\/p>\n<\/div>\n<\/div>\n<\/div>\n<p><strong>Ses pens\u00e9es lors d\u2019apn\u00e9e\u00a0?<\/strong> Le vide complet ou parfois quelques pens\u00e9es pour son p\u00e8re.<\/p>\n<p><strong>Une anecdote\u00a0? <\/strong>J\u2019ai appris \u00e0 nager \u00e0 Pr\u00e9failles en Loire-Atlantique avec mon p\u00e8re, \u00e0 mar\u00e9e descendante entre 2 rochers et avec pas mal de courant\u2026 J\u2019ai pass\u00e9 plus de temps la t\u00eate sous l\u2019eau qu\u2019\u00e0 la surface !\u2028 \u00c7a reste un de mes plus beaux souvenirs aquatiques ! Je pense que c\u2019est l\u00e0 que j\u2019ai commenc\u00e9 \u00e0 cr\u00e9er ce lien si particulier avec la mer\u2026<\/p>\n<p style=\"text-align: right;\"><em>53 ans \u2013 Rennes<\/em><\/p>\n","protected":false},"excerpt":{"rendered":"<p>Une rencontre avec soi-m\u00eame \u00e0 chaque apn\u00e9e en mer &#8212; Monitrice d\u2019apn\u00e9e &#8212; Originaire de Normandie, install\u00e9e en Bretagne depuis&hellip; <\/p>\n","protected":false},"author":2,"featured_media":800,"parent":91,"menu_order":0,"comment_status":"closed","ping_status":"closed","template":"page-templates\/gallery-template.php","meta":{"jetpack_post_was_ever_published":false,"footnotes":""},"jetpack_sharing_enabled":false,"jetpack_shortlink":"https:\/\/wp.me\/P9vMBa-a6","_links":{"self":[{"href":"https:\/\/colloqueapnee.fr\/index.php\/wp-json\/wp\/v2\/pages\/626"}],"collection":[{"href":"https:\/\/colloqueapnee.fr\/index.php\/wp-json\/wp\/v2\/pages"}],"about":[{"href":"https:\/\/colloqueapnee.fr\/index.php\/wp-json\/wp\/v2\/types\/page"}],"author":[{"embeddable":true,"href":"https:\/\/colloqueapnee.fr\/index.php\/wp-json\/wp\/v2\/users\/2"}],"replies":[{"embeddable":true,"href":"https:\/\/colloqueapnee.fr\/index.php\/wp-json\/wp\/v2\/comments?post=626"}],"version-history":[{"count":5,"href":"https:\/\/colloqueapnee.fr\/index.php\/wp-json\/wp\/v2\/pages\/626\/revisions"}],"predecessor-version":[{"id":867,"href":"https:\/\/colloqueapnee.fr\/index.php\/wp-json\/wp\/v2\/pages\/626\/revisions\/867"}],"up":[{"embeddable":true,"href":"https:\/\/colloqueapnee.fr\/index.php\/wp-json\/wp\/v2\/pages\/91"}],"wp:featuredmedia":[{"embeddable":true,"href":"https:\/\/colloqueapnee.fr\/index.php\/wp-json\/wp\/v2\/media\/800"}],"wp:attachment":[{"href":"https:\/\/colloqueapnee.fr\/index.php\/wp-json\/wp\/v2\/media?parent=626"}],"curies":[{"name":"wp","href":"https:\/\/api.w.org\/{rel}","templated":true}]}}