{"id":606,"date":"2018-01-26T09:21:40","date_gmt":"2018-01-26T08:21:40","guid":{"rendered":"http:\/\/colloqueapnee.fr\/?page_id=606"},"modified":"2024-09-13T23:47:25","modified_gmt":"2024-09-13T21:47:25","slug":"sebastien-leon","status":"publish","type":"page","link":"https:\/\/colloqueapnee.fr\/index.php\/intervenants\/sebastien-leon\/","title":{"rendered":"S\u00e9bastien L\u00e9on"},"content":{"rendered":"<h4><strong>Se faire plaisir \u00e0 transmettre et continuer d&rsquo;apprendre<\/strong><\/h4>\n<p><strong>&#8212; Pr\u00e9sident de la Commission R\u00e9gionale Apn\u00e9e Bretagne &amp; Pays de la Loire, moniteur professionnel et formateur de cadres &#8212;<\/strong><\/p>\n<p><em>\u00ab L\u2019\u00e9go est le poison de la \u00ab\u00a0caste\u00a0\u00bb des encadrants f\u00e9d\u00e9raux. Heureusement, l&rsquo;apn\u00e9e aide \u00e0 nous ramener tr\u00e8s vite \u00e0 un salutaire niveau de modestie \ud83d\ude42 \u00bb<\/em><\/p>\n<p>Initi\u00e9 tr\u00e8s jeune \u00e0 la p\u00eache sous-marine, l&rsquo;apn\u00e9e n&rsquo;\u00e9tait alors qu&rsquo;un moyen&#8230; Puis \u00e0 l&rsquo;universit\u00e9, c&rsquo;est la formation plong\u00e9e bouteille qui l&rsquo;a int\u00e9ress\u00e9 tant pour la facilit\u00e9 \u00e0 partir travailler \u00e0 l&rsquo;\u00e9tranger sous un soleil cl\u00e9ment et une eau bleu, que pour la richesse de la formation. Mais depuis une quinzaine d&rsquo;ann\u00e9e, c&rsquo;est un retour aux sources avec un perfectionnement de l&rsquo;enseignement de la discipline et un investissement important, tant au niveau associatif (Pr\u00e9sident CDA35, Pr\u00e9sident CRA CIBPL, Organisation ou participations \u00e0 des formations f\u00e9d\u00e9rales), qu&rsquo;au niveau professionnel (Participation aux Stages de Formation de la SCA Blue-Addiction, \u00e9cole d&rsquo;Apn\u00e9e fond\u00e9e par R\u00e9my Dubern, Champion du Monde DNF et Champion de France CWT). On le retrouve tant\u00f4t en Bretagne, tant\u00f4t en Corse dans \u00ab\u00a0sa\u00a0\u00bb Station Marine et Oc\u00e9anographique \u00e0 Calvi (la Stareso, dont il a \u00e9t\u00e9 le Directeur de l&rsquo;Ecole de Plong\u00e9e pendant plus d&rsquo;une douzaine de saison, sur les 20 derni\u00e8res ann\u00e9es).<\/p>\n<p><img loading=\"lazy\" decoding=\"async\" class=\"wp-image-937 alignright\" src=\"https:\/\/colloqueapnee.fr\/wp-content\/uploads\/2018\/03\/seb-1.jpg\" alt=\"\" width=\"221\" height=\"221\" srcset=\"https:\/\/colloqueapnee.fr\/wp-content\/uploads\/2018\/03\/seb-1.jpg 400w, https:\/\/colloqueapnee.fr\/wp-content\/uploads\/2018\/03\/seb-1-150x150.jpg 150w, https:\/\/colloqueapnee.fr\/wp-content\/uploads\/2018\/03\/seb-1-300x300.jpg 300w\" sizes=\"(max-width: 221px) 100vw, 221px\" \/><\/p>\n<p><strong>Ses pens\u00e9es lors d\u2019apn\u00e9e ?<\/strong> \u00ab Je me fais surtout plaisir dans l&rsquo;apn\u00e9e verticale et quand j&rsquo;arrive au fond, malgr\u00e9 la pression qui me comprime, c&rsquo;est l\u00e0 que je trouve une forme d&rsquo;accomplissement\u2026 \u00bb<\/p>\n<p><strong>Une anecdote ?<\/strong> N&rsquo;\u00e9tant pas un fan de soir\u00e9es concert, je n&rsquo;avais jamais ressenti dans mon corps la puissance d&rsquo;un son&#8230; jusqu&rsquo;\u00e0 ce que je fasse une apn\u00e9e fort matinale dans la mer des Andaman et que je me retrouve \u00e0 observer en agachon un banc d&rsquo;une trentaine de Bumphead (poissons perroquets g\u00e9ants). Apr\u00e8s 2 minutes d&rsquo;immobilit\u00e9, le banc m&rsquo;a entour\u00e9 jusqu&rsquo;\u00e0 me cacher la lumi\u00e8re mais surtout g\u00e9n\u00e9rer des chocs et bruits sourds \u00e0 chaque mouvement brutal de queue, au point que je les ressentais dans la poitrine&#8230;<\/p>\n","protected":false},"excerpt":{"rendered":"<p>Se faire plaisir \u00e0 transmettre et continuer d&rsquo;apprendre &#8212; Pr\u00e9sident de la Commission R\u00e9gionale Apn\u00e9e Bretagne &amp; Pays de la&hellip; <\/p>\n","protected":false},"author":2,"featured_media":937,"parent":91,"menu_order":0,"comment_status":"closed","ping_status":"closed","template":"page-templates\/gallery-template.php","meta":{"jetpack_post_was_ever_published":false,"footnotes":""},"jetpack_sharing_enabled":true,"jetpack_shortlink":"https:\/\/wp.me\/P9vMBa-9M","_links":{"self":[{"href":"https:\/\/colloqueapnee.fr\/index.php\/wp-json\/wp\/v2\/pages\/606"}],"collection":[{"href":"https:\/\/colloqueapnee.fr\/index.php\/wp-json\/wp\/v2\/pages"}],"about":[{"href":"https:\/\/colloqueapnee.fr\/index.php\/wp-json\/wp\/v2\/types\/page"}],"author":[{"embeddable":true,"href":"https:\/\/colloqueapnee.fr\/index.php\/wp-json\/wp\/v2\/users\/2"}],"replies":[{"embeddable":true,"href":"https:\/\/colloqueapnee.fr\/index.php\/wp-json\/wp\/v2\/comments?post=606"}],"version-history":[{"count":9,"href":"https:\/\/colloqueapnee.fr\/index.php\/wp-json\/wp\/v2\/pages\/606\/revisions"}],"predecessor-version":[{"id":1208,"href":"https:\/\/colloqueapnee.fr\/index.php\/wp-json\/wp\/v2\/pages\/606\/revisions\/1208"}],"up":[{"embeddable":true,"href":"https:\/\/colloqueapnee.fr\/index.php\/wp-json\/wp\/v2\/pages\/91"}],"wp:featuredmedia":[{"embeddable":true,"href":"https:\/\/colloqueapnee.fr\/index.php\/wp-json\/wp\/v2\/media\/937"}],"wp:attachment":[{"href":"https:\/\/colloqueapnee.fr\/index.php\/wp-json\/wp\/v2\/media?parent=606"}],"curies":[{"name":"wp","href":"https:\/\/api.w.org\/{rel}","templated":true}]}}