{"id":29,"date":"2016-08-08T15:46:58","date_gmt":"2016-08-08T15:46:58","guid":{"rendered":"http:\/\/localhost\/wordpress\/event\/?page_id=29"},"modified":"2024-02-13T16:59:35","modified_gmt":"2024-02-13T15:59:35","slug":"a-quel-tarif","status":"publish","type":"page","link":"https:\/\/colloqueapnee.fr\/index.php\/front-page-features\/a-quel-tarif\/","title":{"rendered":"Tarifs"},"content":{"rendered":"<h3>Entr\u00e9e au Colloque (le 20 avril) :<\/h3>\n<h5>Tarif individuel : 12 \u20ac par personne<br \/>\nTarif groupes\/club : 10 \u20ac par personne<b><br \/>\n<\/b><\/h5>\n<h3>Participation aux animations du dimanches (le 21 avril) :<\/h3>\n<h5>Chaque animation a un tarif qui est fix\u00e9 par l&rsquo;intervenant. Retrouvez cela dans l&rsquo;espace r\u00e9servation\/billeterie.<\/h5>\n<h3>Restauration :<\/h3>\n<h5>Non pris en charge directement par l&rsquo;organisation mais diff\u00e9rents moyens de restauration seront propos\u00e9s \u00e0 proximit\u00e9<\/h5>\n<h3>Informations :<\/h3>\n<h5>\u2192 Les boissons (eau, jus de fruit&#8230;) seront offertes.<br \/>\n\u2192 Tarif groupe \u00e0 partir de 6 personnes<br \/>\n\u2192 Plusieurs entr\u00e9es\/sorties possibles<\/h5>\n<h3>Annulation :<\/h3>\n<h5>Possible jusqu&rsquo;\u00e0 J-15.<\/h5>\n<p>Conditions de remboursement : annulation gratuite jusqu&rsquo;\u00e0 15 jours de l&rsquo;\u00e9v\u00e8nement.<br \/>\nDans ce cas, merci de contacter co&#110;&#116;&#x61;&#x63;&#x74;&#x40;co&#108;&#108;&#x6f;&#x71;&#x75;&#x65;ap&#110;&#101;&#101;&#x2e;&#x66;&#x72;<\/p>\n","protected":false},"excerpt":{"rendered":"<p>Entr\u00e9e au Colloque (le 20 avril) : Tarif individuel : 12 \u20ac par personne Tarif groupes\/club : 10 \u20ac par&hellip; <\/p>\n","protected":false},"author":1,"featured_media":889,"parent":34,"menu_order":0,"comment_status":"closed","ping_status":"closed","template":"","meta":{"jetpack_post_was_ever_published":false,"footnotes":""},"jetpack_sharing_enabled":true,"jetpack_shortlink":"https:\/\/wp.me\/P9vMBa-t","_links":{"self":[{"href":"https:\/\/colloqueapnee.fr\/index.php\/wp-json\/wp\/v2\/pages\/29"}],"collection":[{"href":"https:\/\/colloqueapnee.fr\/index.php\/wp-json\/wp\/v2\/pages"}],"about":[{"href":"https:\/\/colloqueapnee.fr\/index.php\/wp-json\/wp\/v2\/types\/page"}],"author":[{"embeddable":true,"href":"https:\/\/colloqueapnee.fr\/index.php\/wp-json\/wp\/v2\/users\/1"}],"replies":[{"embeddable":true,"href":"https:\/\/colloqueapnee.fr\/index.php\/wp-json\/wp\/v2\/comments?post=29"}],"version-history":[{"count":21,"href":"https:\/\/colloqueapnee.fr\/index.php\/wp-json\/wp\/v2\/pages\/29\/revisions"}],"predecessor-version":[{"id":1142,"href":"https:\/\/colloqueapnee.fr\/index.php\/wp-json\/wp\/v2\/pages\/29\/revisions\/1142"}],"up":[{"embeddable":true,"href":"https:\/\/colloqueapnee.fr\/index.php\/wp-json\/wp\/v2\/pages\/34"}],"wp:featuredmedia":[{"embeddable":true,"href":"https:\/\/colloqueapnee.fr\/index.php\/wp-json\/wp\/v2\/media\/889"}],"wp:attachment":[{"href":"https:\/\/colloqueapnee.fr\/index.php\/wp-json\/wp\/v2\/media?parent=29"}],"curies":[{"name":"wp","href":"https:\/\/api.w.org\/{rel}","templated":true}]}}